{"id":595,"date":"2019-03-11T15:07:31","date_gmt":"2019-03-11T15:07:31","guid":{"rendered":"https:\/\/pensiondewatertoren.com\/?page_id=595"},"modified":"2025-04-08T09:39:00","modified_gmt":"2025-04-08T07:39:00","slug":"conditions","status":"publish","type":"page","link":"https:\/\/pensiondewatertoren.com\/fr\/conditions\/","title":{"rendered":"Conditions"},"content":{"rendered":"<p><strong>Arriv\u00e9e<\/strong><br \/>\n14:00 \u2013 21:30 heures<\/p>\n<p><strong>D\u00e9part<\/strong><br \/>\n08:00 \u2013 10:30 heures<\/p>\n<p><strong>Annulations<\/strong><br \/>\nEn cas d&rsquo;annulation jusqu&rsquo;\u00e0 7 jours avant la date d&rsquo;arriv\u00e9e, l&rsquo;h\u00f4tel ne pr\u00e9l\u00e8ve pas de frais.<br \/>\nSi vous annulez apr\u00e8s, ou si vous ne vous pr\u00e9sentez pas (no-show), nous pouvons facturer un maximum du montant total.<\/p>\n<p><strong>Article 9.1.1<\/strong><br \/>\nLe client est autoris\u00e9 \u00e0 annuler une r\u00e9servation moyennant le paiement des frais d&rsquo;annulation. Si un client n&rsquo;arrive pas dans la demi-heure apr\u00e8s l&rsquo;heure convenue, le client est r\u00e9put\u00e9 avoir annul\u00e9 et il doit les frais d&rsquo;annulation.<\/p>\n<p><strong>Enfants<\/strong><br \/>\nEnfants accept\u00e9s \u00e0 partir de 7 ans.<\/p>\n<p><strong>Animaux de compagnie<\/strong><br \/>\nLes animaux ne sont pas autoris\u00e9s.<\/p>\n<p><strong>Paiement<\/strong><br \/>\nEsp\u00e8ces , carte de d\u00e9bit , carte de cr\u00e9dit.<\/p>\n<p style=\"text-align: center;\"><img loading=\"lazy\" decoding=\"async\" class=\"alignnone size-full wp-image-479\" src=\"https:\/\/pensiondewatertoren.com\/wp-content\/uploads\/2017\/05\/2-shells-150x50.png\" alt=\"no dogs and no smoking\" width=\"150\" height=\"50\" \/><\/p>\n","protected":false},"excerpt":{"rendered":"<p>Arriv\u00e9e 14:00 \u2013 21:30 heures D\u00e9part 08:00 \u2013 10:30 heures Annulations En cas d&rsquo;annulation jusqu&rsquo;\u00e0 7 jours avant la date d&rsquo;arriv\u00e9e, l&rsquo;h\u00f4tel ne pr\u00e9l\u00e8ve pas de frais. Si vous annulez apr\u00e8s, ou si vous ne vous pr\u00e9sentez pas (no-show), nous pouvons facturer un maximum du montant total. Article 9.1.1 Le client est autoris\u00e9 \u00e0 annuler &hellip; <a href=\"https:\/\/pensiondewatertoren.com\/fr\/conditions\/\" class=\"more-link\">Continue reading<span class=\"screen-reader-text\"> \u00ab\u00a0Conditions\u00a0\u00bb<\/span><\/a><\/p>\n","protected":false},"author":1,"featured_media":590,"parent":0,"menu_order":0,"comment_status":"closed","ping_status":"closed","template":"","meta":{"footnotes":""},"class_list":["post-595","page","type-page","status-publish","has-post-thumbnail","hentry"],"jetpack_sharing_enabled":true,"_links":{"self":[{"href":"https:\/\/pensiondewatertoren.com\/fr\/wp-json\/wp\/v2\/pages\/595","targetHints":{"allow":["GET"]}}],"collection":[{"href":"https:\/\/pensiondewatertoren.com\/fr\/wp-json\/wp\/v2\/pages"}],"about":[{"href":"https:\/\/pensiondewatertoren.com\/fr\/wp-json\/wp\/v2\/types\/page"}],"author":[{"embeddable":true,"href":"https:\/\/pensiondewatertoren.com\/fr\/wp-json\/wp\/v2\/users\/1"}],"replies":[{"embeddable":true,"href":"https:\/\/pensiondewatertoren.com\/fr\/wp-json\/wp\/v2\/comments?post=595"}],"version-history":[{"count":0,"href":"https:\/\/pensiondewatertoren.com\/fr\/wp-json\/wp\/v2\/pages\/595\/revisions"}],"wp:featuredmedia":[{"embeddable":true,"href":"https:\/\/pensiondewatertoren.com\/fr\/wp-json\/wp\/v2\/media\/590"}],"wp:attachment":[{"href":"https:\/\/pensiondewatertoren.com\/fr\/wp-json\/wp\/v2\/media?parent=595"}],"curies":[{"name":"wp","href":"https:\/\/api.w.org\/{rel}","templated":true}]}}