{"id":545,"date":"2019-03-11T11:34:27","date_gmt":"2019-03-11T11:34:27","guid":{"rendered":"https:\/\/pensiondewatertoren.com\/?page_id=545"},"modified":"2023-01-04T17:35:10","modified_gmt":"2023-01-04T16:35:10","slug":"services","status":"publish","type":"page","link":"https:\/\/pensiondewatertoren.com\/fr\/bienvenue-a-la-pension-et-spa-de-watertoren\/services\/","title":{"rendered":"Services"},"content":{"rendered":"<div class=\"mphb_sc_services-wrapper \"><div class=\"mphb-service post-94558 mphb_room_service type-mphb_room_service status-publish has-post-thumbnail mphb-service-free\">\n\n\t\n\n\t<p class=\"mphb-loop-service-thumbnail\">\n\t<img loading=\"lazy\" decoding=\"async\" width=\"1902\" height=\"560\" src=\"https:\/\/pensiondewatertoren.com\/wp-content\/uploads\/2019\/03\/HEADERS-FEATURED-2000X589-MOTORCYCLE-STORAGE01jpg-1902x560.jpg\" class=\"attachment-post-thumbnail size-post-thumbnail wp-post-image\" alt=\"HEADERS-FEATURED-2000X589-MOTORCYCLE-STORAGE01jpg\" srcset=\"https:\/\/pensiondewatertoren.com\/wp-content\/uploads\/2019\/03\/HEADERS-FEATURED-2000X589-MOTORCYCLE-STORAGE01jpg-1902x560.jpg 1902w, https:\/\/pensiondewatertoren.com\/wp-content\/uploads\/2019\/03\/HEADERS-FEATURED-2000X589-MOTORCYCLE-STORAGE01jpg-300x88.jpg 300w, https:\/\/pensiondewatertoren.com\/wp-content\/uploads\/2019\/03\/HEADERS-FEATURED-2000X589-MOTORCYCLE-STORAGE01jpg-768x226.jpg 768w, https:\/\/pensiondewatertoren.com\/wp-content\/uploads\/2019\/03\/HEADERS-FEATURED-2000X589-MOTORCYCLE-STORAGE01jpg-1024x302.jpg 1024w, https:\/\/pensiondewatertoren.com\/wp-content\/uploads\/2019\/03\/HEADERS-FEATURED-2000X589-MOTORCYCLE-STORAGE01jpg.jpg 2000w\" sizes=\"auto, (max-width: 1902px) 100vw, 1902px\" \/>\n\t<\/p>\n\n\n\n<h2 class=\"mphb-service-title\">\n<a href=\"https:\/\/pensiondewatertoren.com\/fr\/service\/moto-bagagerie\/\">Entreposage de motos et v\u00e9los<\/a>\n<\/h2>\n\n<p>Pour ceux d&rsquo;entre vous qui arrivent en moto, en v\u00e9lo ou qui ont des bagages en plus, nous fournissons le stockage n\u00e9cessaire dans notre maison d&rsquo;h\u00f4tes. Vous pouvez commander ce service sur la page de confirmation de r\u00e9servation.<\/p>\n\n\n<p class=\"mphb-price-wrapper\"><strong>Prix :<\/strong>\n<span class=\"mphb-price\">Gratuit<\/span>\n<\/p>\n<\/div><div class=\"mphb-service post-94564 mphb_room_service type-mphb_room_service status-publish has-post-thumbnail mphb-service-pay-per-night\">\n\n\t\n\n\t<p class=\"mphb-loop-service-thumbnail\">\n\t<img loading=\"lazy\" decoding=\"async\" width=\"1902\" height=\"560\" src=\"https:\/\/pensiondewatertoren.com\/wp-content\/uploads\/2017\/05\/HEADERS-FEATURED-2000X589-parking01-1902x560.jpg\" class=\"attachment-post-thumbnail size-post-thumbnail wp-post-image\" alt=\"HEADERS-FEATURED-2000X589-parking01\" srcset=\"https:\/\/pensiondewatertoren.com\/wp-content\/uploads\/2017\/05\/HEADERS-FEATURED-2000X589-parking01-1902x560.jpg 1902w, https:\/\/pensiondewatertoren.com\/wp-content\/uploads\/2017\/05\/HEADERS-FEATURED-2000X589-parking01-300x88.jpg 300w, https:\/\/pensiondewatertoren.com\/wp-content\/uploads\/2017\/05\/HEADERS-FEATURED-2000X589-parking01-768x226.jpg 768w, https:\/\/pensiondewatertoren.com\/wp-content\/uploads\/2017\/05\/HEADERS-FEATURED-2000X589-parking01-1024x302.jpg 1024w, https:\/\/pensiondewatertoren.com\/wp-content\/uploads\/2017\/05\/HEADERS-FEATURED-2000X589-parking01.jpg 2000w\" sizes=\"auto, (max-width: 1902px) 100vw, 1902px\" \/>\n\t<\/p>\n\n\n\n<h2 class=\"mphb-service-title\">\n<a href=\"https:\/\/pensiondewatertoren.com\/fr\/service\/parking-gratuit\/\">Frais de Stationnement<\/a>\n<\/h2>\n\n<p>Il est difficile de trouver une stationnement ou un bon garage dans notre zone tr\u00e8s fr\u00e9quent\u00e9e, mais nous proposons un parking pour seulement 10 euros aux clients qui ont r\u00e9serv\u00e9 directement aupr\u00e8s de nous.<\/p>\n\n\n<p class=\"mphb-price-wrapper\"><strong>Prix :<\/strong>\n<span class=\"mphb-price\"><span class=\"mphb-currency\">&euro;<\/span>10<\/span> \/ Par jour \/ Par chambre\n<\/p>\n<\/div><\/div>\n","protected":false},"excerpt":{"rendered":"","protected":false},"author":1,"featured_media":590,"parent":423,"menu_order":0,"comment_status":"closed","ping_status":"closed","template":"","meta":{"footnotes":""},"class_list":["post-545","page","type-page","status-publish","has-post-thumbnail","hentry"],"jetpack_sharing_enabled":true,"_links":{"self":[{"href":"https:\/\/pensiondewatertoren.com\/fr\/wp-json\/wp\/v2\/pages\/545","targetHints":{"allow":["GET"]}}],"collection":[{"href":"https:\/\/pensiondewatertoren.com\/fr\/wp-json\/wp\/v2\/pages"}],"about":[{"href":"https:\/\/pensiondewatertoren.com\/fr\/wp-json\/wp\/v2\/types\/page"}],"author":[{"embeddable":true,"href":"https:\/\/pensiondewatertoren.com\/fr\/wp-json\/wp\/v2\/users\/1"}],"replies":[{"embeddable":true,"href":"https:\/\/pensiondewatertoren.com\/fr\/wp-json\/wp\/v2\/comments?post=545"}],"version-history":[{"count":0,"href":"https:\/\/pensiondewatertoren.com\/fr\/wp-json\/wp\/v2\/pages\/545\/revisions"}],"up":[{"embeddable":true,"href":"https:\/\/pensiondewatertoren.com\/fr\/wp-json\/wp\/v2\/pages\/423"}],"wp:featuredmedia":[{"embeddable":true,"href":"https:\/\/pensiondewatertoren.com\/fr\/wp-json\/wp\/v2\/media\/590"}],"wp:attachment":[{"href":"https:\/\/pensiondewatertoren.com\/fr\/wp-json\/wp\/v2\/media?parent=545"}],"curies":[{"name":"wp","href":"https:\/\/api.w.org\/{rel}","templated":true}]}}