{"id":423,"date":"2019-03-07T14:20:47","date_gmt":"2019-03-07T14:20:47","guid":{"rendered":"https:\/\/pensiondewatertoren.com\/?page_id=423"},"modified":"2021-09-13T15:13:34","modified_gmt":"2021-09-13T13:13:34","slug":"bienvenue-a-la-pension-et-spa-de-watertoren","status":"publish","type":"page","link":"https:\/\/pensiondewatertoren.com\/fr\/","title":{"rendered":"Bienvenue \u00e0 la Pension et Spa de Watertoren"},"content":{"rendered":"<p>Une maison d&rsquo;h\u00f4tes confortable \u00e0 Zandvoort aan Zee, juste en face de l&#8217;embl\u00e8me le plus c\u00e9l\u00e8bre de Zandvoort: le ch\u00e2teau d&rsquo;eau. Situ\u00e9 \u00e0 100 m\u00e8tres de la plage et du centre.<\/p>\n<p>Bien-\u00eatre et plaisir dans notre <a href=\"\/?page_id=48911\">Spa<\/a>: Sauna, Jacuzzi et espace d\u00e9tente.<\/p>\n","protected":false},"excerpt":{"rendered":"<p>Situ\u00e9 \u00e0 100 m\u00e8tres de la plage et du centre.<\/p>\n","protected":false},"author":1,"featured_media":469,"parent":0,"menu_order":0,"comment_status":"closed","ping_status":"closed","template":"template-front-page.php","meta":{"footnotes":""},"class_list":["post-423","page","type-page","status-publish","has-post-thumbnail","hentry"],"jetpack_sharing_enabled":true,"_links":{"self":[{"href":"https:\/\/pensiondewatertoren.com\/fr\/wp-json\/wp\/v2\/pages\/423","targetHints":{"allow":["GET"]}}],"collection":[{"href":"https:\/\/pensiondewatertoren.com\/fr\/wp-json\/wp\/v2\/pages"}],"about":[{"href":"https:\/\/pensiondewatertoren.com\/fr\/wp-json\/wp\/v2\/types\/page"}],"author":[{"embeddable":true,"href":"https:\/\/pensiondewatertoren.com\/fr\/wp-json\/wp\/v2\/users\/1"}],"replies":[{"embeddable":true,"href":"https:\/\/pensiondewatertoren.com\/fr\/wp-json\/wp\/v2\/comments?post=423"}],"version-history":[{"count":0,"href":"https:\/\/pensiondewatertoren.com\/fr\/wp-json\/wp\/v2\/pages\/423\/revisions"}],"wp:featuredmedia":[{"embeddable":true,"href":"https:\/\/pensiondewatertoren.com\/fr\/wp-json\/wp\/v2\/media\/469"}],"wp:attachment":[{"href":"https:\/\/pensiondewatertoren.com\/fr\/wp-json\/wp\/v2\/media?parent=423"}],"curies":[{"name":"wp","href":"https:\/\/api.w.org\/{rel}","templated":true}]}}