{"id":541,"date":"2019-03-11T11:29:30","date_gmt":"2019-03-11T11:29:30","guid":{"rendered":"https:\/\/pensiondewatertoren.com\/?page_id=541"},"modified":"2023-01-04T17:35:31","modified_gmt":"2023-01-04T16:35:31","slug":"dienstleistungen","status":"publish","type":"page","link":"https:\/\/pensiondewatertoren.com\/de\/willkommen-in-der-pension-und-spa-de-watertoren\/dienstleistungen\/","title":{"rendered":"Dienstleistungen"},"content":{"rendered":"<div class=\"mphb_sc_services-wrapper \"><div class=\"mphb-service post-94559 mphb_room_service type-mphb_room_service status-publish has-post-thumbnail mphb-service-free\">\n\n\t\n\n\t<p class=\"mphb-loop-service-thumbnail\">\n\t<img loading=\"lazy\" decoding=\"async\" width=\"1902\" height=\"560\" src=\"https:\/\/pensiondewatertoren.com\/wp-content\/uploads\/2019\/03\/HEADERS-FEATURED-2000X589-MOTORCYCLE-STORAGE01jpg-1902x560.jpg\" class=\"attachment-post-thumbnail size-post-thumbnail wp-post-image\" alt=\"HEADERS-FEATURED-2000X589-MOTORCYCLE-STORAGE01jpg\" srcset=\"https:\/\/pensiondewatertoren.com\/wp-content\/uploads\/2019\/03\/HEADERS-FEATURED-2000X589-MOTORCYCLE-STORAGE01jpg-1902x560.jpg 1902w, https:\/\/pensiondewatertoren.com\/wp-content\/uploads\/2019\/03\/HEADERS-FEATURED-2000X589-MOTORCYCLE-STORAGE01jpg-300x88.jpg 300w, https:\/\/pensiondewatertoren.com\/wp-content\/uploads\/2019\/03\/HEADERS-FEATURED-2000X589-MOTORCYCLE-STORAGE01jpg-768x226.jpg 768w, https:\/\/pensiondewatertoren.com\/wp-content\/uploads\/2019\/03\/HEADERS-FEATURED-2000X589-MOTORCYCLE-STORAGE01jpg-1024x302.jpg 1024w, https:\/\/pensiondewatertoren.com\/wp-content\/uploads\/2019\/03\/HEADERS-FEATURED-2000X589-MOTORCYCLE-STORAGE01jpg.jpg 2000w\" sizes=\"auto, (max-width: 1902px) 100vw, 1902px\" \/>\n\t<\/p>\n\n\n\n<h2 class=\"mphb-service-title\">\n<a href=\"https:\/\/pensiondewatertoren.com\/de\/service\/motorrad-gepackaufbewahrung\/\">Motorrad- und Fahrradaufbewahrung<\/a>\n<\/h2>\n\n<p>F\u00fcr diejenigen, die mit dem Motorrad, Fahrrad oder mit zus\u00e4tzlichem Gep\u00e4ck anreisen, sorgen wir f\u00fcr die notwendige Aufbewahrung in unserer Pension. Sie k\u00f6nnen diesen Service auf der Buchungsbest\u00e4tigungsseite bestellen.<\/p>\n\n\n<p class=\"mphb-price-wrapper\"><strong>Preis:<\/strong>\n<span class=\"mphb-price\">Kostenlos<\/span>\n<\/p>\n<\/div><div class=\"mphb-service post-94565 mphb_room_service type-mphb_room_service status-publish has-post-thumbnail mphb-service-pay-per-night\">\n\n\t\n\n\t<p class=\"mphb-loop-service-thumbnail\">\n\t<img loading=\"lazy\" decoding=\"async\" width=\"1902\" height=\"560\" src=\"https:\/\/pensiondewatertoren.com\/wp-content\/uploads\/2017\/05\/HEADERS-FEATURED-2000X589-parking01-1902x560.jpg\" class=\"attachment-post-thumbnail size-post-thumbnail wp-post-image\" alt=\"HEADERS-FEATURED-2000X589-parking01\" srcset=\"https:\/\/pensiondewatertoren.com\/wp-content\/uploads\/2017\/05\/HEADERS-FEATURED-2000X589-parking01-1902x560.jpg 1902w, https:\/\/pensiondewatertoren.com\/wp-content\/uploads\/2017\/05\/HEADERS-FEATURED-2000X589-parking01-300x88.jpg 300w, https:\/\/pensiondewatertoren.com\/wp-content\/uploads\/2017\/05\/HEADERS-FEATURED-2000X589-parking01-768x226.jpg 768w, https:\/\/pensiondewatertoren.com\/wp-content\/uploads\/2017\/05\/HEADERS-FEATURED-2000X589-parking01-1024x302.jpg 1024w, https:\/\/pensiondewatertoren.com\/wp-content\/uploads\/2017\/05\/HEADERS-FEATURED-2000X589-parking01.jpg 2000w\" sizes=\"auto, (max-width: 1902px) 100vw, 1902px\" \/>\n\t<\/p>\n\n\n\n<h2 class=\"mphb-service-title\">\n<a href=\"https:\/\/pensiondewatertoren.com\/de\/service\/gratis-parkplatze\/\">Parkgeb\u00fchr<\/a>\n<\/h2>\n\n<p>Es ist schwierig, in unserer \u00fcberf\u00fcllten Gegend einen Parkplatz oder eine Garage zu finden, aber wir bieten G\u00e4sten, die direkt bei uns gebucht haben, einen Parkplatz f\u00fcr nur 10 Euro an.<\/p>\n\n\n<p class=\"mphb-price-wrapper\"><strong>Preis:<\/strong>\n<span class=\"mphb-price\"><span class=\"mphb-currency\">&euro;<\/span>10<\/span> \/ Pro Tag \/ Pro Unterkunft\n<\/p>\n<\/div><\/div>\n","protected":false},"excerpt":{"rendered":"","protected":false},"author":1,"featured_media":591,"parent":425,"menu_order":0,"comment_status":"closed","ping_status":"closed","template":"","meta":{"footnotes":""},"class_list":["post-541","page","type-page","status-publish","has-post-thumbnail","hentry"],"jetpack_sharing_enabled":true,"_links":{"self":[{"href":"https:\/\/pensiondewatertoren.com\/de\/wp-json\/wp\/v2\/pages\/541","targetHints":{"allow":["GET"]}}],"collection":[{"href":"https:\/\/pensiondewatertoren.com\/de\/wp-json\/wp\/v2\/pages"}],"about":[{"href":"https:\/\/pensiondewatertoren.com\/de\/wp-json\/wp\/v2\/types\/page"}],"author":[{"embeddable":true,"href":"https:\/\/pensiondewatertoren.com\/de\/wp-json\/wp\/v2\/users\/1"}],"replies":[{"embeddable":true,"href":"https:\/\/pensiondewatertoren.com\/de\/wp-json\/wp\/v2\/comments?post=541"}],"version-history":[{"count":0,"href":"https:\/\/pensiondewatertoren.com\/de\/wp-json\/wp\/v2\/pages\/541\/revisions"}],"up":[{"embeddable":true,"href":"https:\/\/pensiondewatertoren.com\/de\/wp-json\/wp\/v2\/pages\/425"}],"wp:featuredmedia":[{"embeddable":true,"href":"https:\/\/pensiondewatertoren.com\/de\/wp-json\/wp\/v2\/media\/591"}],"wp:attachment":[{"href":"https:\/\/pensiondewatertoren.com\/de\/wp-json\/wp\/v2\/media?parent=541"}],"curies":[{"name":"wp","href":"https:\/\/api.w.org\/{rel}","templated":true}]}}